{"id":11,"date":"2008-08-14T13:10:49","date_gmt":"2008-08-14T11:10:49","guid":{"rendered":"https:\/\/ajedreztabiyaalcoy.es\/club\/?page_id=11"},"modified":"2008-08-14T13:10:49","modified_gmt":"2008-08-14T11:10:49","slug":"la-escuela-de-ajedrez","status":"publish","type":"page","link":"https:\/\/ajedreztabiyaalcoy.es\/club\/la-escuela-de-ajedrez\/","title":{"rendered":"La Escuela de Ajedrez"},"content":{"rendered":"<p><span style=\"font-family: arial,helvetica,sans-serif;\"><strong><span style=\"color: #000000;\">DESARROLLO DEL PROGRAMA T\u00c9CNICO<\/span><\/strong><br \/>\n<\/span><\/p>\n<div><span style=\"font-family: arial,helvetica,sans-serif;\">Desde el Club de Ajedrez Tabiya Alcoy, entendemos que la pr\u00e1ctica del ajedrez conlleva al ser humano a formarse y desarrollarse intelectualmente. La Escuela de Ajedrez del Club de Ajedrez Tabiya Alcoy, naci\u00f3 al mismo tiempo que el Club, en Octubre de 1993.<\/span><\/div>\n<p><span style=\"font-family: arial,helvetica,sans-serif;\">Y se cre\u00f3 precisamente para lo manifestado al principio, es decir, para potenciar el desarrollo intelectual y humano de aquellas personas interesadas en el ajedrez.<\/span><\/p>\n<p><span style=\"font-family: arial,helvetica,sans-serif;\">Los fines que pretende la Escuela de Ajedrez son:<\/span><\/p>\n<p><span style=\"font-family: arial,helvetica,sans-serif;\">a) La formaci\u00f3n de ajedrecistas, a trav\u00e9s de la ense\u00f1anza para el aprendizaje del ajedrez.<\/span><\/p>\n<p><span style=\"font-family: arial,helvetica,sans-serif;\">b) Dar la instrucci\u00f3n y formaci\u00f3n adecuada mediante clases de ajedrez, que permita progresar en la comprensi\u00f3n de este juego, a las personas interesadas en ello.<\/span><\/p>\n<p><span style=\"font-family: arial,helvetica,sans-serif;\">La funci\u00f3n de la ense\u00f1anza para el aprendizaje del ajedrez es la de dar al jugador los conocimientos necesarios para ponerlos en pr\u00e1ctica, con el fin de que pueda resolver con \u00e9xito, aquellas situaciones que se le presenten en el transcurso de la partida de ajedrez.<\/span><\/p>\n<p><span style=\"font-family: arial,helvetica,sans-serif;\">La Direcci\u00f3n T\u00e9cnica de las clases es realizada por el <strong>Club de Ajedrez Tabiya Alcoy<\/strong>, con sus Monitores, estando al frente de ellos Joaqu\u00edn Corb\u00ed Mart\u00ed, Director de la Escuela y Monitor Nacional de Ajedrez.<\/span><\/p>\n<p><span style=\"font-family: arial,helvetica,sans-serif;\"><img decoding=\"async\" class=\"aligncenter size-full wp-image-188\" title=\"Ajedrez en el Tablero Mural\" src=\"https:\/\/ajedreztabiyaalcoy.es\/club\/wp-content\/uploads\/2008\/08\/untitled-28.bmp\" alt=\"Ajedrez en el Tablero Mural\" \/><\/span><\/p>\n","protected":false},"excerpt":{"rendered":"<p>DESARROLLO DEL PROGRAMA T\u00c9CNICO Desde el Club de Ajedrez Tabiya Alcoy, entendemos que la pr\u00e1ctica del ajedrez conlleva al ser humano a formarse y desarrollarse intelectualmente. La Escuela de Ajedrez del Club de Ajedrez Tabiya&#8230;<\/p>\n","protected":false},"author":3,"featured_media":0,"parent":0,"menu_order":0,"comment_status":"closed","ping_status":"open","template":"","meta":{"rop_custom_images_group":[],"rop_custom_messages_group":[],"rop_publish_now":"initial","rop_publish_now_accounts":[],"rop_publish_now_history":[],"rop_publish_now_status":"pending","footnotes":""},"class_list":["post-11","page","type-page","status-publish","hentry"],"wppr_data":[],"_links":{"self":[{"href":"https:\/\/ajedreztabiyaalcoy.es\/club\/wp-json\/wp\/v2\/pages\/11","targetHints":{"allow":["GET"]}}],"collection":[{"href":"https:\/\/ajedreztabiyaalcoy.es\/club\/wp-json\/wp\/v2\/pages"}],"about":[{"href":"https:\/\/ajedreztabiyaalcoy.es\/club\/wp-json\/wp\/v2\/types\/page"}],"author":[{"embeddable":true,"href":"https:\/\/ajedreztabiyaalcoy.es\/club\/wp-json\/wp\/v2\/users\/3"}],"replies":[{"embeddable":true,"href":"https:\/\/ajedreztabiyaalcoy.es\/club\/wp-json\/wp\/v2\/comments?post=11"}],"version-history":[{"count":0,"href":"https:\/\/ajedreztabiyaalcoy.es\/club\/wp-json\/wp\/v2\/pages\/11\/revisions"}],"wp:attachment":[{"href":"https:\/\/ajedreztabiyaalcoy.es\/club\/wp-json\/wp\/v2\/media?parent=11"}],"curies":[{"name":"wp","href":"https:\/\/api.w.org\/{rel}","templated":true}]}}