{"id":14,"date":"2008-08-14T13:12:09","date_gmt":"2008-08-14T11:12:09","guid":{"rendered":"https:\/\/ajedreztabiyaalcoy.es\/club\/?page_id=14"},"modified":"2016-08-09T15:17:14","modified_gmt":"2016-08-09T13:17:14","slug":"el-metodo-de-ensenanza","status":"publish","type":"page","link":"https:\/\/ajedreztabiyaalcoy.es\/club\/el-metodo-de-ensenanza\/","title":{"rendered":"El m\u00e9todo de ense\u00f1anza"},"content":{"rendered":"<p><span style=\"font-family: arial,helvetica,sans-serif;\">Las ideas b\u00e1sicas a seguir que configurar\u00e1n el m\u00e9todo de ense\u00f1anza son:<\/span><\/p>\n<p><span style=\"font-family: arial,helvetica,sans-serif;\">a) Preparar a los alumnos para el autoan\u00e1lisis, con el fin de ser autosuficientes para analizar.<\/span><\/p>\n<p><span style=\"font-family: arial,helvetica,sans-serif;\">b) Promover la disciplina y la creatividad.<\/span><\/p>\n<p><span style=\"font-family: arial,helvetica,sans-serif;\"><img loading=\"lazy\" decoding=\"async\" class=\"alignleft size-full wp-image-18\" style=\"margin-left: 3px; margin-right: 3px;\" src=\"https:\/\/ajedreztabiyaalcoy.es\/club\/wp-content\/uploads\/2009\/07\/dibujo2.jpg\" alt=\"dibujo2\" width=\"150\" height=\"155\" \/>El principal prop\u00f3sito ser\u00e1 la penetraci\u00f3n en el alma ajedrec\u00edstica del alumno.<\/span><\/p>\n<p><span style=\"font-family: arial,helvetica,sans-serif;\">Para ello, la metodolog\u00eda que utilizaremos en la Escuela de Ajedrez, ser\u00e1 fundamentalmente la que puso en pr\u00e1ctica el ex Campe\u00f3n del Mundo Mija\u00edl Botvinnik, y las que se deriven de ella, y que tan buenos resultados ha dado.<\/span><\/p>\n<p><span style=\"font-family: arial,helvetica,sans-serif;\">Todo ello bien estructurado, planificado y organizado, para que vaya aumentando de forma progresiva, y sea de f\u00e1cil comprensi\u00f3n y entendimiento para el alumno.<\/span><\/p>\n","protected":false},"excerpt":{"rendered":"<p>Las ideas b\u00e1sicas a seguir que configurar\u00e1n el m\u00e9todo de ense\u00f1anza son: a) Preparar a los alumnos para el autoan\u00e1lisis, con el fin de ser autosuficientes para analizar. b) Promover la disciplina y la creatividad&#8230;.<\/p>\n","protected":false},"author":3,"featured_media":0,"parent":0,"menu_order":0,"comment_status":"closed","ping_status":"closed","template":"","meta":{"rop_custom_images_group":[],"rop_custom_messages_group":[],"rop_publish_now":"initial","rop_publish_now_accounts":[],"rop_publish_now_history":[],"rop_publish_now_status":"pending","footnotes":""},"class_list":["post-14","page","type-page","status-publish","hentry"],"wppr_data":{"cwp_meta_box_check":"No"},"_links":{"self":[{"href":"https:\/\/ajedreztabiyaalcoy.es\/club\/wp-json\/wp\/v2\/pages\/14","targetHints":{"allow":["GET"]}}],"collection":[{"href":"https:\/\/ajedreztabiyaalcoy.es\/club\/wp-json\/wp\/v2\/pages"}],"about":[{"href":"https:\/\/ajedreztabiyaalcoy.es\/club\/wp-json\/wp\/v2\/types\/page"}],"author":[{"embeddable":true,"href":"https:\/\/ajedreztabiyaalcoy.es\/club\/wp-json\/wp\/v2\/users\/3"}],"replies":[{"embeddable":true,"href":"https:\/\/ajedreztabiyaalcoy.es\/club\/wp-json\/wp\/v2\/comments?post=14"}],"version-history":[{"count":1,"href":"https:\/\/ajedreztabiyaalcoy.es\/club\/wp-json\/wp\/v2\/pages\/14\/revisions"}],"predecessor-version":[{"id":2010,"href":"https:\/\/ajedreztabiyaalcoy.es\/club\/wp-json\/wp\/v2\/pages\/14\/revisions\/2010"}],"wp:attachment":[{"href":"https:\/\/ajedreztabiyaalcoy.es\/club\/wp-json\/wp\/v2\/media?parent=14"}],"curies":[{"name":"wp","href":"https:\/\/api.w.org\/{rel}","templated":true}]}}