{"id":154,"date":"2009-09-25T14:03:56","date_gmt":"2009-09-25T12:03:56","guid":{"rendered":"https:\/\/ajedreztabiyaalcoy.es\/club\/?page_id=154"},"modified":"2022-04-23T01:10:40","modified_gmt":"2022-04-22T23:10:40","slug":"donde-estamos","status":"publish","type":"page","link":"https:\/\/ajedreztabiyaalcoy.es\/club\/donde-estamos\/","title":{"rendered":"Donde Estamos"},"content":{"rendered":"<h4 style=\"text-align: center;\"><strong><span style=\"text-decoration: underline;\">LOCAL\u00a0 DE\u00a0 ACTIVIDADES:<\/span><\/strong><\/h4>\n<p align=\"center\">C\/ Escultor Peresejo 32 (Ensanche) &#8211; Telf: 653.97.97.10<\/p>\n<p style=\"text-align: center;\">Asociaci\u00f3n de Vecinos Ensanche-Benisaid\u00f3.<\/p>\n<p style=\"text-align: center;\">Autob\u00fas 2 para llegar.<\/p>\n<p align=\"center\">Horario:\u00a0 Viernes de 18 a 21 horas.<\/p>\n<h4 style=\"text-align: center;\"><strong><span style=\"text-decoration: underline;\">LOCAL\u00a0\u00a0 D&#8217;ACTIVITATS:<\/span><\/strong><\/h4>\n<p align=\"center\">C\/ Escultor Peresejo 32 (Eixample) &#8211; Tel: 653.97.97.10<\/p>\n<p style=\"text-align: center;\">Associaci\u00f3 de Ve\u00efns Eixample-Benissaid\u00f3.<\/p>\n<p style=\"text-align: center;\">Autob\u00fas 2 per a arribar.<\/p>\n<p style=\"text-align: center;\">Horari:\u00a0 Divendres de 18 a 21 hores<\/p>\n<p style=\"text-align: center;\"><a href=\"https:\/\/goo.gl\/maps\/yC4jvW3gLBXPwHnt5\" target=\"_blank\" rel=\"noopener\"><span style=\"color: #ff0000; font-size: 14pt;\"><strong>https:\/\/goo.gl\/maps\/yC4jvW3gLBXPwHnt5<\/strong><\/span><\/a><\/p>\n<p style=\"text-align: center;\"><a href=\"https:\/\/d3l56h94xwal1f.cloudfront.net\/wp-content\/uploads\/2022\/04\/23010632\/Mapa-Club-2.png\" target=\"_blank\" rel=\"noopener\"><img loading=\"lazy\" decoding=\"async\" class=\"alignnone wp-image-4632\" src=\"https:\/\/d3l56h94xwal1f.cloudfront.net\/wp-content\/uploads\/2022\/04\/23010632\/Mapa-Club-2.png\" alt=\"Mapa Club 2\" width=\"800\" height=\"405\" srcset=\"https:\/\/d3l56h94xwal1f.cloudfront.net\/wp-content\/uploads\/2022\/04\/23010632\/Mapa-Club-2.png 983w, https:\/\/d3l56h94xwal1f.cloudfront.net\/wp-content\/uploads\/2022\/04\/23010632\/Mapa-Club-2-300x152.png 300w, https:\/\/d3l56h94xwal1f.cloudfront.net\/wp-content\/uploads\/2022\/04\/23010632\/Mapa-Club-2-768x389.png 768w, https:\/\/d3l56h94xwal1f.cloudfront.net\/wp-content\/uploads\/2022\/04\/23010632\/Mapa-Club-2-50x25.png 50w\" sizes=\"auto, (max-width: 800px) 100vw, 800px\" \/><\/a><a href=\"https:\/\/d3l56h94xwal1f.cloudfront.net\/wp-content\/uploads\/2022\/04\/23010810\/Mapa-Club-1.png\" target=\"_blank\" rel=\"noopener\"><img loading=\"lazy\" decoding=\"async\" class=\"aligncenter wp-image-4633 size-full\" src=\"https:\/\/d3l56h94xwal1f.cloudfront.net\/wp-content\/uploads\/2022\/04\/23010810\/Mapa-Club-1.png\" alt=\"Mapa Club 1\" width=\"575\" height=\"527\" srcset=\"https:\/\/d3l56h94xwal1f.cloudfront.net\/wp-content\/uploads\/2022\/04\/23010810\/Mapa-Club-1.png 575w, https:\/\/d3l56h94xwal1f.cloudfront.net\/wp-content\/uploads\/2022\/04\/23010810\/Mapa-Club-1-300x275.png 300w, https:\/\/d3l56h94xwal1f.cloudfront.net\/wp-content\/uploads\/2022\/04\/23010810\/Mapa-Club-1-50x46.png 50w\" sizes=\"auto, (max-width: 575px) 100vw, 575px\" \/><\/a><\/p>\n","protected":false},"excerpt":{"rendered":"<p>LOCAL\u00a0 DE\u00a0 ACTIVIDADES: C\/ Escultor Peresejo 32 (Ensanche) &#8211; Telf: 653.97.97.10 Asociaci\u00f3n de Vecinos Ensanche-Benisaid\u00f3. Autob\u00fas 2 para llegar. Horario:\u00a0 Viernes de 18 a 21 horas. LOCAL\u00a0\u00a0 D&#8217;ACTIVITATS: C\/ Escultor Peresejo 32 (Eixample) &#8211; Tel:&#8230;<\/p>\n","protected":false},"author":3,"featured_media":0,"parent":0,"menu_order":30,"comment_status":"closed","ping_status":"closed","template":"","meta":{"rop_custom_images_group":[],"rop_custom_messages_group":[],"rop_publish_now":"initial","rop_publish_now_accounts":[],"rop_publish_now_history":[],"rop_publish_now_status":"pending","footnotes":""},"class_list":["post-154","page","type-page","status-publish","hentry"],"wppr_data":{"cwp_meta_box_check":"No"},"_links":{"self":[{"href":"https:\/\/ajedreztabiyaalcoy.es\/club\/wp-json\/wp\/v2\/pages\/154","targetHints":{"allow":["GET"]}}],"collection":[{"href":"https:\/\/ajedreztabiyaalcoy.es\/club\/wp-json\/wp\/v2\/pages"}],"about":[{"href":"https:\/\/ajedreztabiyaalcoy.es\/club\/wp-json\/wp\/v2\/types\/page"}],"author":[{"embeddable":true,"href":"https:\/\/ajedreztabiyaalcoy.es\/club\/wp-json\/wp\/v2\/users\/3"}],"replies":[{"embeddable":true,"href":"https:\/\/ajedreztabiyaalcoy.es\/club\/wp-json\/wp\/v2\/comments?post=154"}],"version-history":[{"count":7,"href":"https:\/\/ajedreztabiyaalcoy.es\/club\/wp-json\/wp\/v2\/pages\/154\/revisions"}],"predecessor-version":[{"id":4635,"href":"https:\/\/ajedreztabiyaalcoy.es\/club\/wp-json\/wp\/v2\/pages\/154\/revisions\/4635"}],"wp:attachment":[{"href":"https:\/\/ajedreztabiyaalcoy.es\/club\/wp-json\/wp\/v2\/media?parent=154"}],"curies":[{"name":"wp","href":"https:\/\/api.w.org\/{rel}","templated":true}]}}