{"id":22,"date":"2008-08-14T13:42:13","date_gmt":"2008-08-14T11:42:13","guid":{"rendered":"https:\/\/ajedreztabiyaalcoy.es\/club\/?page_id=22"},"modified":"2016-08-09T15:18:49","modified_gmt":"2016-08-09T13:18:49","slug":"ficha-tecnica-de-la-escuela-de-ajedrez","status":"publish","type":"page","link":"https:\/\/ajedreztabiyaalcoy.es\/club\/ficha-tecnica-de-la-escuela-de-ajedrez\/","title":{"rendered":"Ficha t\u00e9cnica de la escuela de ajedrez"},"content":{"rendered":"<div><span style=\"font-family: arial,helvetica,sans-serif;\"><span style=\"font-family: arial,helvetica,sans-serif;\">Director: Joaqu\u00edn Corb\u00ed Mart\u00ed.<br \/>\nMonitor Nacional de Ajedrez.<\/span><\/span>&#8211; Clases de ajedrez impartidas por Profesores titulados, a desarrollar a trav\u00e9s de Cursos adaptados a cada Nivel.<\/p>\n<p>&#8211; Los alumnos se configurar\u00e1n en grupos reducidos, en funci\u00f3n de sus conocimientos y edades.<\/p>\n<p>&#8211; Como complemento y ayuda a su formaci\u00f3n educativa, los alumnos dispondr\u00e1n de los siguientes servicios, que el Club de Ajedrez Tabiya Alcoy pone a su disposici\u00f3n:<\/p>\n<p><strong>a) Biblioteca<\/strong><br \/>\nServicio gratuito para nuestros alumnos.<br \/>\nLibros amenos espa\u00f1oles y extranjeros.<br \/>\nRevistas espa\u00f1olas y extranjeras.<\/p>\n<p><strong>b) Departamento de Pedagog\u00eda<\/strong><br \/>\nServicio gratuito para nuestros alumnos que lo necesiten.<br \/>\nCoordinadores: Licenciados en Pedagog\u00eda.<\/p>\n<p><strong>c) Departamento de Psicolog\u00eda<\/strong><br \/>\nServicio gratuito para nuestros alumnos que lo necesiten.<br \/>\nCoordinadores: Licenciados en Psicolog\u00eda.<\/p>\n<\/div>\n<div><span style=\"font-family: arial,helvetica,sans-serif;\"><span style=\"font-family: arial,helvetica,sans-serif;\"><br \/>\n&#8211; La Escuela de Ajedrez podr\u00e1 ayudar a sus alumnos econ\u00f3micamente, y en su formaci\u00f3n cultural y deportiva, a trav\u00e9s del:<\/span><\/span>Departamento de Promoci\u00f3n del Club de Ajedrez Tabiya Alcoy, que podr\u00e1 conceder becas y patrocinaciones para los alumnos que destaquen por su talento.<\/p>\n<\/div>\n<div><span style=\"font-family: arial,helvetica,sans-serif;\"><br \/>\n<\/span><\/div>\n<div><span style=\"font-family: arial,helvetica,sans-serif;\"><img loading=\"lazy\" decoding=\"async\" class=\"aligncenter size-full wp-image-25\" src=\"https:\/\/ajedreztabiyaalcoy.es\/club\/wp-content\/uploads\/2009\/07\/ajedrez-herramienta1.jpg\" alt=\"ajedrez-herramienta\" width=\"390\" height=\"421\" \/><br \/>\n<\/span><\/div>\n","protected":false},"excerpt":{"rendered":"<p>Director: Joaqu\u00edn Corb\u00ed Mart\u00ed. Monitor Nacional de Ajedrez.&#8211; Clases de ajedrez impartidas por Profesores titulados, a desarrollar a trav\u00e9s de Cursos adaptados a cada Nivel. &#8211; Los alumnos se configurar\u00e1n en grupos reducidos, en funci\u00f3n&#8230;<\/p>\n","protected":false},"author":3,"featured_media":0,"parent":0,"menu_order":0,"comment_status":"closed","ping_status":"closed","template":"","meta":{"rop_custom_images_group":[],"rop_custom_messages_group":[],"rop_publish_now":"initial","rop_publish_now_accounts":[],"rop_publish_now_history":[],"rop_publish_now_status":"pending","footnotes":""},"class_list":["post-22","page","type-page","status-publish","hentry"],"wppr_data":{"cwp_meta_box_check":"No"},"_links":{"self":[{"href":"https:\/\/ajedreztabiyaalcoy.es\/club\/wp-json\/wp\/v2\/pages\/22","targetHints":{"allow":["GET"]}}],"collection":[{"href":"https:\/\/ajedreztabiyaalcoy.es\/club\/wp-json\/wp\/v2\/pages"}],"about":[{"href":"https:\/\/ajedreztabiyaalcoy.es\/club\/wp-json\/wp\/v2\/types\/page"}],"author":[{"embeddable":true,"href":"https:\/\/ajedreztabiyaalcoy.es\/club\/wp-json\/wp\/v2\/users\/3"}],"replies":[{"embeddable":true,"href":"https:\/\/ajedreztabiyaalcoy.es\/club\/wp-json\/wp\/v2\/comments?post=22"}],"version-history":[{"count":1,"href":"https:\/\/ajedreztabiyaalcoy.es\/club\/wp-json\/wp\/v2\/pages\/22\/revisions"}],"predecessor-version":[{"id":2014,"href":"https:\/\/ajedreztabiyaalcoy.es\/club\/wp-json\/wp\/v2\/pages\/22\/revisions\/2014"}],"wp:attachment":[{"href":"https:\/\/ajedreztabiyaalcoy.es\/club\/wp-json\/wp\/v2\/media?parent=22"}],"curies":[{"name":"wp","href":"https:\/\/api.w.org\/{rel}","templated":true}]}}