{"id":2988,"date":"2018-06-12T14:33:30","date_gmt":"2018-06-12T12:33:30","guid":{"rendered":"https:\/\/ajedreztabiyaalcoy.es\/club\/?page_id=2988"},"modified":"2018-06-12T14:50:55","modified_gmt":"2018-06-12T12:50:55","slug":"politicas-de-cookies","status":"publish","type":"page","link":"https:\/\/ajedreztabiyaalcoy.es\/club\/politicas-de-cookies\/","title":{"rendered":"Pol\u00edticas de Cookies"},"content":{"rendered":"<p>\u2190\u00a0<a href=\"https:\/\/ajedreztabiyaalcoy.es\/club\/centro-de-privacidad\/\">Regresar al Centro De Privacidad<\/a><\/p>\n<p style=\"text-align: justify;\">El sitio web\u00a0www.ajedreztabiyaalcoy.es, los servicios en l\u00ednea, las aplicaciones interactivas, los mensajes de correo electr\u00f3nico y los anuncios publicitarios pueden usar \u201ccookies\u201d y otras tecnolog\u00edas, como etiquetas de p\u00edxel y balizas web.<\/p>\n<p style=\"text-align: justify;\">Estas tecnolog\u00edas nos ayudan a comprender mejor el comportamiento de los usuarios, nos dicen qu\u00e9 partes de nuestros sitios web visitaron las personas y facilitan y miden la efectividad de los anuncios y las b\u00fasquedas en la web.<\/p>\n<p style=\"text-align: justify;\">Tratamos la informaci\u00f3n recopilada por las cookies y otras tecnolog\u00edas como informaci\u00f3n no personal. Sin embargo, en la medida en que las leyes del Protocolo de Internet (IP) o identificadores similares se consideran informaci\u00f3n personal seg\u00fan las leyes locales, tambi\u00e9n tratamos estos identificadores como informaci\u00f3n personal. Del mismo modo, en la medida en que la informaci\u00f3n no personal se combine con la informaci\u00f3n personal, tratamos la informaci\u00f3n combinada como informaci\u00f3n personal para los fines de esta Pol\u00edtica de privacidad.<\/p>\n<p style=\"text-align: justify;\">Los anuncios entregados por la plataforma de publicidad de la Compa\u00f1\u00eda pueden aparecer en Noticias de la Compa\u00f1\u00eda y en cualquier Agencia del Grupo. Si no desea recibir anuncios orientados a sus intereses desde la plataforma de publicidad de la Compa\u00f1\u00eda, puede optar por habilitar el Limit Ad Tracking, que optar\u00e1 por que su ID de empresa no reciba dichos anuncios, independientemente del dispositivo que est\u00e9 utilizando. Si habilita Limitar seguimiento de anuncios en su dispositivo m\u00f3vil, las aplicaciones de terceros no pueden usar el Identificador de publicidad, un identificador de dispositivo no personal, para servirle anuncios orientados.<\/p>\n<p style=\"text-align: justify;\">Todav\u00eda puede ver anuncios en la tienda de aplicaciones o noticias seg\u00fan el contexto, como su consulta de b\u00fasqueda o el canal que est\u00e1 leyendo. En aplicaciones de terceros, es posible que vea anuncios basados en otra informaci\u00f3n.<\/p>\n<p style=\"text-align: justify;\">La compa\u00f1\u00eda y nuestros socios tambi\u00e9n usan cookies y otras tecnolog\u00edas para recordar informaci\u00f3n personal cuando usted usa nuestro sitio web, servicios en l\u00ednea y aplicaciones. Nuestro objetivo en estos casos es hacer que su experiencia con la empresa sea m\u00e1s conveniente y personal. Por ejemplo, conocer su nombre nos permite darle la bienvenida la pr\u00f3xima vez que visite la Tienda en l\u00ednea de la Compa\u00f1\u00eda. Conocer su pa\u00eds e idioma, y si usted es un educador, su escuela, nos ayuda a proporcionar una experiencia de compra personalizada y m\u00e1s \u00fatil.<\/p>\n<p style=\"text-align: justify;\">Saber que alguien que usa su computadora o dispositivo ha comprado un determinado producto o usado un servicio en particular nos ayuda a hacer que nuestras comunicaciones publicitarias y de correo electr\u00f3nico sean m\u00e1s relevantes para sus intereses. Y conocer su informaci\u00f3n de contacto, identificadores de hardware e informaci\u00f3n sobre su computadora o dispositivo nos ayuda a personalizar su sistema operativo.<\/p>\n<p style=\"text-align: justify;\">Si desea deshabilitar las cookies y est\u00e1 utilizando el navegador web Safari, vaya a Preferencias de Safari y luego al panel de privacidad para administrar sus preferencias. En el dispositivo m\u00f3vil de su empresa, vaya a Configuraci\u00f3n, luego a Safari, despl\u00e1cese a la secci\u00f3n Privacidad y seguridad y toque \u201cBloquear cookies\u201d para administrar sus preferencias. Para otros navegadores, verifique con su proveedor para averiguar c\u00f3mo desactivar las cookies. Tenga en cuenta que ciertas caracter\u00edsticas del sitio web de la Compa\u00f1\u00eda no estar\u00e1n disponibles una vez que las cookies est\u00e9n deshabilitadas.<\/p>\n<p style=\"text-align: justify;\">Como ocurre con la mayor\u00eda de los servicios de Internet, recopilamos cierta informaci\u00f3n autom\u00e1ticamente y la almacenamos en archivos de registro. Esta informaci\u00f3n incluye direcciones de Protocolo de Internet (IP), tipo e idioma de navegador, proveedor de servicios de Internet (ISP), sitios web y aplicaciones de referencia y salida, sistema operativo, sello de fecha y hora y datos de secuencia de clics.<\/p>\n<p style=\"text-align: justify;\">Utilizamos esta informaci\u00f3n para comprender y analizar tendencias, administrar el sitio, conocer el comportamiento de los usuarios en el sitio, mejorar nuestros productos y servicios y recopilar informaci\u00f3n demogr\u00e1fica sobre nuestra base de usuarios en general. La compa\u00f1\u00eda puede usar esta informaci\u00f3n en nuestros servicios de marketing y publicidad.<\/p>\n<p style=\"text-align: justify;\">En algunos de nuestros mensajes de correo electr\u00f3nico, utilizamos una \u201cURL de click\u201d vinculada al contenido en el sitio web de la Compa\u00f1\u00eda. Cuando los clientes hacen clic en una de estas URL, pasan a trav\u00e9s de un servidor web por separado antes de llegar a la p\u00e1gina de destino en nuestro sitio web. Hacemos un seguimiento de estos datos de clic para ayudarnos a determinar el inter\u00e9s en temas particulares y medir la efectividad de las comunicaciones con nuestros clientes. Si prefiere no ser rastreado de esta manera, no debe hacer clic en los enlaces de texto o gr\u00e1ficos en los mensajes de correo electr\u00f3nico.<\/p>\n<p style=\"text-align: justify;\">Las etiquetas de p\u00edxel nos permiten enviar mensajes de correo electr\u00f3nico en un formato que los clientes pueden leer, y nos dicen si el correo se ha abierto. Podemos utilizar esta informaci\u00f3n para reducir o eliminar los mensajes enviados a los clientes.<\/p>\n","protected":false},"excerpt":{"rendered":"<p>\u2190\u00a0Regresar al Centro De Privacidad El sitio web\u00a0www.ajedreztabiyaalcoy.es, los servicios en l\u00ednea, las aplicaciones interactivas, los mensajes de correo electr\u00f3nico y los anuncios publicitarios pueden usar \u201ccookies\u201d y otras tecnolog\u00edas, como etiquetas de p\u00edxel y&#8230;<\/p>\n","protected":false},"author":3,"featured_media":0,"parent":0,"menu_order":0,"comment_status":"closed","ping_status":"closed","template":"page-full.php","meta":{"rop_custom_images_group":[],"rop_custom_messages_group":[],"rop_publish_now":"initial","rop_publish_now_accounts":[],"rop_publish_now_history":[],"rop_publish_now_status":"pending","footnotes":""},"class_list":["post-2988","page","type-page","status-publish","hentry"],"wppr_data":{"cwp_meta_box_check":"No"},"_links":{"self":[{"href":"https:\/\/ajedreztabiyaalcoy.es\/club\/wp-json\/wp\/v2\/pages\/2988","targetHints":{"allow":["GET"]}}],"collection":[{"href":"https:\/\/ajedreztabiyaalcoy.es\/club\/wp-json\/wp\/v2\/pages"}],"about":[{"href":"https:\/\/ajedreztabiyaalcoy.es\/club\/wp-json\/wp\/v2\/types\/page"}],"author":[{"embeddable":true,"href":"https:\/\/ajedreztabiyaalcoy.es\/club\/wp-json\/wp\/v2\/users\/3"}],"replies":[{"embeddable":true,"href":"https:\/\/ajedreztabiyaalcoy.es\/club\/wp-json\/wp\/v2\/comments?post=2988"}],"version-history":[{"count":8,"href":"https:\/\/ajedreztabiyaalcoy.es\/club\/wp-json\/wp\/v2\/pages\/2988\/revisions"}],"predecessor-version":[{"id":3004,"href":"https:\/\/ajedreztabiyaalcoy.es\/club\/wp-json\/wp\/v2\/pages\/2988\/revisions\/3004"}],"wp:attachment":[{"href":"https:\/\/ajedreztabiyaalcoy.es\/club\/wp-json\/wp\/v2\/media?parent=2988"}],"curies":[{"name":"wp","href":"https:\/\/api.w.org\/{rel}","templated":true}]}}