{"id":2994,"date":"2018-06-12T14:34:15","date_gmt":"2018-06-12T12:34:15","guid":{"rendered":"https:\/\/ajedreztabiyaalcoy.es\/club\/?page_id=2994"},"modified":"2022-08-13T23:03:29","modified_gmt":"2022-08-13T21:03:29","slug":"terminos-y-condiciones","status":"publish","type":"page","link":"https:\/\/ajedreztabiyaalcoy.es\/club\/terminos-y-condiciones\/","title":{"rendered":"T\u00e9rminos y Condiciones"},"content":{"rendered":"<p>\u2190\u00a0<a href=\"https:\/\/ajedreztabiyaalcoy.es\/club\/centro-de-privacidad\/\">Regresar al Centro De Privacidad<\/a><\/p>\n<p>\u00daltima actualizaci\u00f3n: 25\/05\/2018<\/p>\n<p><strong>INTRODUCCI\u00d3N<\/strong><\/p>\n<p>Los t\u00e9rminos y condiciones (\u201cT\u00e9rminos\u201d) describen c\u00f3mo www.ajedreztabiyaalcoy.es (\u201cCompa\u00f1\u00eda\u201d, \u201cnos\u201d y \u201cnuestro\u201d) regula el uso de este sitio web www.ajedreztabiyaalcoy.es (\u201cel sitio\u201d). Por favor, lea cuidadosamente la siguiente informaci\u00f3n para entender nuestras pr\u00e1cticas con respecto a su uso del Sitio. La Compa\u00f1\u00eda puede cambiar las condiciones en cualquier momento. La Compa\u00f1\u00eda puede informar de los cambios en las Condiciones utilizando los medios de comunicaci\u00f3n disponibles. La compa\u00f1\u00eda recomienda que compruebe el sitio con frecuencia para ver la versi\u00f3n actual de los T\u00e9rminos y sus versiones anteriores. Si representas a una entidad legal, usted certifica que tiene derecho por una entidad jur\u00eddica para celebrar las condiciones que la entidad legal que representa.<\/p>\n<p>1. POL\u00cdTICA DE PRIVACIDAD<\/p>\n<p>Nuestra pol\u00edtica de privacidad est\u00e1 disponible en una p\u00e1gina separada. Nuestra pol\u00edtica de privacidad te explica c\u00f3mo procesamos la informaci\u00f3n acerca de usted. Usted deber\u00e1 entender que a trav\u00e9s de su uso del Sitio, usted admite el procesamiento de esta informaci\u00f3n se realizar\u00e1 de acuerdo con la pol\u00edtica de privacidad.<\/p>\n<p>2. SU CUENTA<\/p>\n<p>Al utilizar el Sitio, usted ser\u00e1 responsable de garantizar la confidencialidad de su cuenta, contrase\u00f1a y otras credenciales y para el acceso seguro a su dispositivo. Usted no podr\u00e1 ceder su cuenta a nadie. La Compa\u00f1\u00eda no se hace responsable del acceso no autorizado a su cuenta que resulta de la apropiaci\u00f3n indebida o el robo de su cuenta. La Sociedad podr\u00e1 rechazar o cancelar el servicio, cancelar su cuenta, y eliminar o editar contenidos. La Compa\u00f1\u00eda no recopila datos personales de personas menores de 16 (diecis\u00e9is). Si es menor de 16 (diecis\u00e9is) a\u00f1os de edad, usted no puede usar el sitio y no puede entrar en los t\u00e9rminos bajo ninguna circunstancia.<\/p>\n<p>3. SERVICIOS<\/p>\n<p>El sitio permite el uso de servicios disponibles en el sitio. No podr\u00e1 utilizar los servicios para los fines ilegales. Podemos, a nuestra discreci\u00f3n, fijar tarifas por usar el sitio para usted. Todos los precios se publican por separado en p\u00e1ginas relevantes en el sitio. Podemos, a nuestra discreci\u00f3n, en cualquier momento cambiar nada. Podemos utilizar sistemas de pago certificados que tambi\u00e9n pueden tener sus comisiones. Dichas comisiones pueden estar impl\u00edcitas en la que cuando se elige un sistema de pago en particular. La informaci\u00f3n detallada sobre las comisiones de tales sistemas de pago se pueden encontrar en sus sitios web.<\/p>\n<p>4. SERVICIOS DE TERCEROS<\/p>\n<p>El sitio puede incluir enlaces a otros sitios, aplicaciones y plataformas (en adelante \u201cSitios Vinculados\u201d). La Compa\u00f1\u00eda no controla los sitios vinculados, y no ser\u00e1 responsable por el contenido y otros materiales de los Sitios Enlazados. La compa\u00f1\u00eda fabrica estos enlaces a su disposici\u00f3n para proporcionar la funcionalidad o servicios en el sitio.<\/p>\n<p>5. USOS PROHIBIDOS Y LA PROPIEDAD INTELECTUAL<\/p>\n<p>La Compa\u00f1\u00eda le concede una licencia no exclusiva, no transferible y revocable para acceder y usar el sitio de un dispositivo de acuerdo con los T\u00e9rminos. Usted no utilizar\u00e1 el Sitio para fines ilegales o prohibidos. Usted no puede usar el sitio de una manera que puede desactivar, da\u00f1ar o interferir en el sitio. Todo el contenido presente en el Sitio incluye texto, c\u00f3digo, gr\u00e1ficos, logotipos, im\u00e1genes, compilaci\u00f3n, el software utilizado en el Sitio (en adelante, y en lo que antecede, los \u201cContenidos\u201d). El contenido es propiedad de la Compa\u00f1\u00eda o sus contratistas y protegido por las leyes de propiedad intelectual que protegen esos derechos. Usted se compromete a utilizar todos los derechos de autor y de propiedad intelectual o restricciones contenidas en el contenido y se le proh\u00edbe el cambio del contenido. El usuario no puede publicar, transmitir, modificar, realizar ingenier\u00eda inversa, participar en la transferencia, o crear y vender trabajos derivados, o de cualquier manera utilizar cualquiera de los Contenidos. Su provecho del sitio no dar\u00e1 derecho a hacer cualquier uso ilegal y no permitido del contenido, y en particular que no cambiar\u00e1 los derechos de propiedad o avisos en el contenido. Deber\u00e1 utilizar el contenido s\u00f3lo para su uso personal y no comercial. La Compa\u00f1\u00eda no le concede ninguna licencia sobre la propiedad intelectual de la Compa\u00f1\u00eda.<\/p>\n<p>6. LOS MATERIALES DE EMPRESA<\/p>\n<p>Enviando, cargando, insertando, suministrando o presentando el contenido que garantiza a la empresa a utilizar su contenido en relaci\u00f3n con la operaci\u00f3n de los negocios de la empresa, incluyendo, pero no limitado a, los derechos para transmitir, mostrar p\u00fablicamente, distribuir, ejecutar p\u00fablicamente, copia, reproducir y traducir su contenido; ya publicitar su nombre en conexi\u00f3n con su contenido. No se efectuar\u00e1 la compensaci\u00f3n en relaci\u00f3n con el uso de su contenido. La Compa\u00f1\u00eda no tendr\u00e1 ninguna obligaci\u00f3n de publicar o disfrutar de cualquier Contenido que usted nos puede enviar y podr\u00e1 eliminar su contenido en cualquier momento. Enviando, cargando, insertando, suministrando o presentando el contenido usted garantiza y representa que posee todos los derechos de su contenido.<\/p>\n<p>7. EXCLUSI\u00d3N DE CIERTAS PASIVO<\/p>\n<p>La informaci\u00f3n disponible a trav\u00e9s del Sitio puede incluir errores tipogr\u00e1ficos o inexactitudes. La Compa\u00f1\u00eda no ser\u00e1 responsable de estas imprecisiones y errores. La empresa no se responsabiliza de la disponibilidad, precisi\u00f3n, fiabilidad, idoneidad, y actualidad de los contenidos incluidos en y servicios disponibles en el Sitio. En la medida m\u00e1xima permitida por la ley aplicable, todo el Contenido y los servicios se proporcionan en el \u201ctal cual\u201d. La Compa\u00f1\u00eda renuncia a todas las garant\u00edas y condiciones con respecto a este contenido y los servicios, incluidas las garant\u00edas y disposiciones de comerciabilidad, adecuaci\u00f3n para un fin determinado. En la medida m\u00e1xima permitida por la ley aplicable, en ning\u00fan caso la Compa\u00f1\u00eda ser\u00e1 responsable de ning\u00fan da\u00f1o directo, indirecto, incidental, consecuente, especial, punitivo, incluyendo, pero no limitado a, da\u00f1os por p\u00e9rdida de disfrute, datos o beneficios, en la conexi\u00f3n con el disfrute o ejecuci\u00f3n del sitio en el contexto de la incapacidad o retraso para disfrutar del sitio o sus servicios, o por cualquier contenido del sitio, o de otra manera que surja del provecho del sitio, basado en el contrato y no -Contrato de responsabilidad u otra raz\u00f3n. Si la exclusi\u00f3n o limitaci\u00f3n de responsabilidad por da\u00f1os, ya sean derivados o accidentales, est\u00e1n prohibidas en un caso particular, la exclusi\u00f3n o limitaci\u00f3n de responsabilidad no se aplique en su caso.<\/p>\n<p>8. INDEMNIZACI\u00d3N<\/p>\n<p>Usted acepta indemnizar, defender y mantener indemne a la Compa\u00f1\u00eda, sus gerentes, directores, empleados, agentes y terceros, de cualesquiera costes, p\u00e9rdidas, gastos (incluyendo honorarios de abogados), los pasivos en relaci\u00f3n con o como resultado de su disfrute o de la incapacidad para disfrutar de la web o sus servicios y la compa\u00f1\u00eda de servicios y productos, su violaci\u00f3n de las Condiciones o su violaci\u00f3n de los derechos de terceros, o su violaci\u00f3n de la ley aplicable. El puede asumir la defensa exclusiva y que cooperar\u00e1n con la Compa\u00f1\u00eda para hacer valer cualquier defensa disponible.<\/p>\n<p>9. TERMINACI\u00d3N Y RESTRICCI\u00d3N DE ACCESO<\/p>\n<p>La Sociedad podr\u00e1 suspender el acceso y dar cuenta al Sitio y sus servicios relacionados oa cualquier parte, en cualquier momento, sin previo aviso, en caso de su violaci\u00f3n de los T\u00e9rminos.<\/p>\n<p>10. DIVERSO<\/p>\n<p>La ley que rige los T\u00e9rminos ser\u00e1n las leyes sustantivas del pa\u00eds donde la empresa est\u00e1 configurado, a excepci\u00f3n del conflicto de leyes. Usted no utilizar\u00e1 el Sitio en jurisdicciones que no reconocen la validez de todas las disposiciones de los T\u00e9rminos. Sin riesgo, sociedad, empleo, o relaci\u00f3n de agencia conjunta se considera impl\u00edcita entre usted y la Compa\u00f1\u00eda como resultado de las condiciones o el uso del sitio. Nada en los T\u00e9rminos ser\u00e1 una derogaci\u00f3n al derecho de la empresa para cumplir gubernamentales, judiciales, la polic\u00eda y las solicitudes de aplicaci\u00f3n de leyes o requisitos relativos a su disfrute del sitio. Si alguna parte de los T\u00e9rminos se determina que es nula o no aplicable de conformidad con la ley aplicable a continuaci\u00f3n, el vac\u00edo o cl\u00e1usulas no exigible se considerar\u00e1 sustituida por cl\u00e1usulas v\u00e1lidas y exigibles ser\u00e1 similar a la versi\u00f3n original de los T\u00e9rminos y las dem\u00e1s partes y secciones de la T\u00e9rminos ser\u00e1n aplicables a usted y la Compa\u00f1\u00eda. Las presentes Condiciones constituyen el acuerdo completo entre usted y la Compa\u00f1\u00eda con respecto al provecho del sitio y las condiciones reemplazan todos antes o comunicaciones y ofertas, tanto de manera electr\u00f3nica, oral o escrita, entre el usuario y la empresa. La Sociedad y sus filiales no ser\u00e1n responsables de una falta o retraso de cumplir con sus obligaciones cuando los fallos o retrasos resultados de cualquier causa m\u00e1s all\u00e1 del control razonable de la empresa, incluyendo fallas t\u00e9cnicas, los desastres naturales, bloqueos, embargos, disturbios, actos, la regulaci\u00f3n, la legislaci\u00f3n o \u00f3rdenes de gobierno, actos terroristas, guerra, o cualquier otra fuerza fuera del control de la empresa. En caso de controversias, demandas, reclamos, disputas, o causas de acci\u00f3n entre la Compa\u00f1\u00eda y usted en relaci\u00f3n con el Sitio u otros temas relacionados, o los T\u00e9rminos, usted y la Compa\u00f1\u00eda se compromete a tratar de resolver tales controversias, demandas, reclamos, disputas , o causas de acci\u00f3n de negociaci\u00f3n de buena fe, y en caso de fallo de dicha negociaci\u00f3n, exclusivamente a trav\u00e9s de los tribunales del pa\u00eds donde la empresa est\u00e1 configurado.<\/p>\n<p>11. QUEJAS<\/p>\n<p>Estamos comprometidos a resolver las quejas acerca de la recopilaci\u00f3n o el uso de sus datos personales. Si desea hacer una queja en relaci\u00f3n con las presentes Condiciones o nuestras pr\u00e1cticas en relaci\u00f3n con sus datos personales, p\u00f3ngase en contacto con nosotros en: joaquincorbi7@gmail.com. Vamos a responder a su queja tan pronto como sea posible y en todo caso, dentro de los 30 d\u00edas. Esperamos que para resolver cualquier queja de nuestra atenci\u00f3n, sin embargo, si usted siente que su queja no se ha resuelto de manera adecuada, se reserva el derecho de contactar con la autoridad de control de protecci\u00f3n de datos local<\/p>\n<p>12. INFORMACI\u00d3N DEL CONTACTO<\/p>\n<p>Agradecemos sus comentarios o preguntas acerca de estas Condiciones. Puede comunicarse con nosotros por escrito a: joaquincorbi7@gmail.com<\/p>\n","protected":false},"excerpt":{"rendered":"<p>\u2190\u00a0Regresar al Centro De Privacidad \u00daltima actualizaci\u00f3n: 25\/05\/2018 INTRODUCCI\u00d3N Los t\u00e9rminos y condiciones (\u201cT\u00e9rminos\u201d) describen c\u00f3mo www.ajedreztabiyaalcoy.es (\u201cCompa\u00f1\u00eda\u201d, \u201cnos\u201d y \u201cnuestro\u201d) regula el uso de este sitio web www.ajedreztabiyaalcoy.es (\u201cel sitio\u201d). Por favor, lea cuidadosamente&#8230;<\/p>\n","protected":false},"author":3,"featured_media":0,"parent":0,"menu_order":0,"comment_status":"closed","ping_status":"closed","template":"page-full.php","meta":{"rop_custom_images_group":[],"rop_custom_messages_group":[],"rop_publish_now":"initial","rop_publish_now_accounts":[],"rop_publish_now_history":[],"rop_publish_now_status":"pending","footnotes":""},"class_list":["post-2994","page","type-page","status-publish","hentry"],"wppr_data":{"cwp_meta_box_check":"No"},"_links":{"self":[{"href":"https:\/\/ajedreztabiyaalcoy.es\/club\/wp-json\/wp\/v2\/pages\/2994","targetHints":{"allow":["GET"]}}],"collection":[{"href":"https:\/\/ajedreztabiyaalcoy.es\/club\/wp-json\/wp\/v2\/pages"}],"about":[{"href":"https:\/\/ajedreztabiyaalcoy.es\/club\/wp-json\/wp\/v2\/types\/page"}],"author":[{"embeddable":true,"href":"https:\/\/ajedreztabiyaalcoy.es\/club\/wp-json\/wp\/v2\/users\/3"}],"replies":[{"embeddable":true,"href":"https:\/\/ajedreztabiyaalcoy.es\/club\/wp-json\/wp\/v2\/comments?post=2994"}],"version-history":[{"count":6,"href":"https:\/\/ajedreztabiyaalcoy.es\/club\/wp-json\/wp\/v2\/pages\/2994\/revisions"}],"predecessor-version":[{"id":4689,"href":"https:\/\/ajedreztabiyaalcoy.es\/club\/wp-json\/wp\/v2\/pages\/2994\/revisions\/4689"}],"wp:attachment":[{"href":"https:\/\/ajedreztabiyaalcoy.es\/club\/wp-json\/wp\/v2\/media?parent=2994"}],"curies":[{"name":"wp","href":"https:\/\/api.w.org\/{rel}","templated":true}]}}