{"id":32,"date":"2008-08-14T13:50:42","date_gmt":"2008-08-14T11:50:42","guid":{"rendered":"https:\/\/ajedreztabiyaalcoy.es\/club\/?page_id=32"},"modified":"2016-08-09T15:19:11","modified_gmt":"2016-08-09T13:19:11","slug":"la-metodologia-de-la-escuela-de-ajedrez","status":"publish","type":"page","link":"https:\/\/ajedreztabiyaalcoy.es\/club\/la-metodologia-de-la-escuela-de-ajedrez\/","title":{"rendered":"La metodolog\u00eda de la escuela de ajedrez"},"content":{"rendered":"<p><span style=\"font-family: arial,helvetica,sans-serif;\">La educaci\u00f3n en el ajedrez requiere de una metodolog\u00eda adecuada, basada en impartir clases de ajedrez, mediante el desarrollo de Cursos adaptados al nivel de juego y conocimientos de los alumnos, unido a la puesta en pr\u00e1ctica de los siguientes puntos importantes.<\/span><\/p>\n<p>1- Se establecer\u00e1n los grupos reducidos de alumnos en funci\u00f3n de sus conocimientos y edades, tratando de que todos los alumnos de un mismo grupo, tengan aproximadamente el mismo nivel de juego, para asegurar la calidad de las lecciones.<\/p>\n<p>2- De antemano, y con el fin de colocar al alumno en el grupo adecuado y en el Nivel correspondiente, el personal docente de la Escuela de Ajedrez, proceder\u00e1 a averiguar el nivel de juego y conocimientos del alumno, por medio de una entrevista ajedrec\u00edstica personal, que podr\u00e1 incluir el juego de partidas amistosas, y presentaci\u00f3n por parte del alumno de sus propias partidas que haya jugado con anterioridad.<\/p>\n<p>3- En todos los Temas de los Cursos, hay ejercicios, ejemplos pr\u00e1cticos y partidas ilustrativas, con el fin de dar una mayor participaci\u00f3n a los alumnos en los comentarios.<\/p>\n<p>4- En bastantes momentos del Curso, los alumnos saldr\u00e1n ante el tablero mural, para explicar sus ideas, siendo corregidos por el Profesor y sus compa\u00f1eros. As\u00ed, cada orador podr\u00e1 comprobar sus progresos en el an\u00e1lisis.<\/p>\n<p>5- En cada grupo de alumnos se disputar\u00e1 un torneo de ajedrez. Estas partidas son muy importantes para comentarlas ante el tablero mural,pues as\u00ed podemos comprobar c\u00f3mo se conducen los alumnos durante una partida, c\u00f3mo se concentran, c\u00f3mo utilizan el tiempo, si son suficientemente rigurosos, y si son dialogantes.<\/p>\n<p>6- Los alumnos no s\u00f3lo deben sentirse estimulados por el ajedrez, sino tambi\u00e9n deben aprender a relacionarse equilibrada y constructivamente con los dem\u00e1s compa\u00f1eros, comport\u00e1ndose con respeto y de manera solidaria, rechazando discriminaciones.<\/p>\n<p>7- Se orientar\u00e1 al alumno para que adem\u00e1s del deporte intelectual y mental del ajedrez, practique el deporte f\u00edsico y el contacto con la Naturaleza, con el fin de adoptar h\u00e1bitos dirigidos a vivir en salud.<\/p>\n<p>Al ir acompa\u00f1ado el desarrollo de los Cursos, de la puesta en pr\u00e1ctica de los puntos citados con anterioridad, podremos hacer una ficha personal de cada alumno, donde daremos un diagn\u00f3stico con sus consecuentes recomendaciones, para desarrollar las partes fuertes y corregir las partes d\u00e9biles de cada alumno.<\/p>\n<p style=\"text-align: center;\"><span style=\"font-family: arial,helvetica,sans-serif;\"><img loading=\"lazy\" decoding=\"async\" class=\"aligncenter size-full wp-image-33\" src=\"https:\/\/ajedreztabiyaalcoy.es\/club\/wp-content\/uploads\/2009\/07\/chicos-jugando.jpg\" alt=\"chicos-jugando\" width=\"400\" height=\"266\" \/><br \/>\n<\/span><\/p>\n","protected":false},"excerpt":{"rendered":"<p>La educaci\u00f3n en el ajedrez requiere de una metodolog\u00eda adecuada, basada en impartir clases de ajedrez, mediante el desarrollo de Cursos adaptados al nivel de juego y conocimientos de los alumnos, unido a la puesta&#8230;<\/p>\n","protected":false},"author":3,"featured_media":0,"parent":0,"menu_order":0,"comment_status":"closed","ping_status":"closed","template":"","meta":{"rop_custom_images_group":[],"rop_custom_messages_group":[],"rop_publish_now":"initial","rop_publish_now_accounts":[],"rop_publish_now_history":[],"rop_publish_now_status":"pending","footnotes":""},"class_list":["post-32","page","type-page","status-publish","hentry"],"wppr_data":{"cwp_meta_box_check":"No"},"_links":{"self":[{"href":"https:\/\/ajedreztabiyaalcoy.es\/club\/wp-json\/wp\/v2\/pages\/32","targetHints":{"allow":["GET"]}}],"collection":[{"href":"https:\/\/ajedreztabiyaalcoy.es\/club\/wp-json\/wp\/v2\/pages"}],"about":[{"href":"https:\/\/ajedreztabiyaalcoy.es\/club\/wp-json\/wp\/v2\/types\/page"}],"author":[{"embeddable":true,"href":"https:\/\/ajedreztabiyaalcoy.es\/club\/wp-json\/wp\/v2\/users\/3"}],"replies":[{"embeddable":true,"href":"https:\/\/ajedreztabiyaalcoy.es\/club\/wp-json\/wp\/v2\/comments?post=32"}],"version-history":[{"count":1,"href":"https:\/\/ajedreztabiyaalcoy.es\/club\/wp-json\/wp\/v2\/pages\/32\/revisions"}],"predecessor-version":[{"id":2015,"href":"https:\/\/ajedreztabiyaalcoy.es\/club\/wp-json\/wp\/v2\/pages\/32\/revisions\/2015"}],"wp:attachment":[{"href":"https:\/\/ajedreztabiyaalcoy.es\/club\/wp-json\/wp\/v2\/media?parent=32"}],"curies":[{"name":"wp","href":"https:\/\/api.w.org\/{rel}","templated":true}]}}