{"id":36,"date":"2008-08-14T13:52:09","date_gmt":"2008-08-14T11:52:09","guid":{"rendered":"https:\/\/ajedreztabiyaalcoy.es\/club\/?page_id=36"},"modified":"2016-08-09T15:19:36","modified_gmt":"2016-08-09T13:19:36","slug":"programa-de-estudios-del-nivel-2-intermedio","status":"publish","type":"page","link":"https:\/\/ajedreztabiyaalcoy.es\/club\/programa-de-estudios-del-nivel-2-intermedio\/","title":{"rendered":"Programa de estudios del nivel 2 intermedio"},"content":{"rendered":"<p><span style=\"font-family: arial,helvetica,sans-serif;\">&#8211; Va dirigido a los que conocen la t\u00e9cnica elemental para jugar al ajedrez y desean desarrollarla.<br \/>\n&#8211; Corresponde este nivel, a la 1\u00aa Categor\u00eda Nacional.<br \/>\n&#8211; El temario se compone de 3 cursos, a realizar:<\/span><\/p>\n<p>a) En el Club de Ajedrez Tabiya Alcoy.<br \/>\nCursos que se imparten cada uno en 1 a\u00f1o \u00f3 temporada ajedrec\u00edstica.<br \/>\nDuraci\u00f3n: 9 meses (de Octubre a Junio, incluidos).<br \/>\nSesiones: 2 horas semanales como m\u00ednimo.<\/p>\n<p>b) En los Centros Educativos.<br \/>\nCursos que se imparten cada uno en 2 a\u00f1os escolares.<br \/>\nDuraci\u00f3n: 8 meses (de Octubre a Mayo, incluidos).<br \/>\nSesiones: 1 hora semanal como m\u00ednimo.<\/p>\n<p>c) En Asociaciones y Entidades Culturales.<br \/>\nDuraci\u00f3n y sesiones a establecer con el objetivo que se pretenda.<\/p>\n<p>&#8211; Los 3 cursos de que se compone el temario, tambi\u00e9n se pueden realizar en el Club de Ajedrez mediante Cursos Intensivos de Verano.<br \/>\nDuraci\u00f3n: 2 meses (Julio y Agosto).<br \/>\nSesiones: 2 \u00f3 3 horas semanales como m\u00ednimo.<\/p>\n<p>&#8211; Los Cursos Especiales de este Nivel, son para realizarlos en el Club de Ajedrez en verano.<br \/>\nDuraci\u00f3n: 2 meses (Julio y Agosto).<br \/>\nSesiones: 2 \u00f3 3 horas semanales como m\u00ednimo.<\/p>\n","protected":false},"excerpt":{"rendered":"<p>&#8211; Va dirigido a los que conocen la t\u00e9cnica elemental para jugar al ajedrez y desean desarrollarla. &#8211; Corresponde este nivel, a la 1\u00aa Categor\u00eda Nacional. &#8211; El temario se compone de 3 cursos, a&#8230;<\/p>\n","protected":false},"author":3,"featured_media":0,"parent":0,"menu_order":0,"comment_status":"closed","ping_status":"closed","template":"","meta":{"rop_custom_images_group":[],"rop_custom_messages_group":[],"rop_publish_now":"initial","rop_publish_now_accounts":[],"rop_publish_now_history":[],"rop_publish_now_status":"pending","footnotes":""},"class_list":["post-36","page","type-page","status-publish","hentry"],"wppr_data":{"cwp_meta_box_check":"No"},"_links":{"self":[{"href":"https:\/\/ajedreztabiyaalcoy.es\/club\/wp-json\/wp\/v2\/pages\/36","targetHints":{"allow":["GET"]}}],"collection":[{"href":"https:\/\/ajedreztabiyaalcoy.es\/club\/wp-json\/wp\/v2\/pages"}],"about":[{"href":"https:\/\/ajedreztabiyaalcoy.es\/club\/wp-json\/wp\/v2\/types\/page"}],"author":[{"embeddable":true,"href":"https:\/\/ajedreztabiyaalcoy.es\/club\/wp-json\/wp\/v2\/users\/3"}],"replies":[{"embeddable":true,"href":"https:\/\/ajedreztabiyaalcoy.es\/club\/wp-json\/wp\/v2\/comments?post=36"}],"version-history":[{"count":1,"href":"https:\/\/ajedreztabiyaalcoy.es\/club\/wp-json\/wp\/v2\/pages\/36\/revisions"}],"predecessor-version":[{"id":2016,"href":"https:\/\/ajedreztabiyaalcoy.es\/club\/wp-json\/wp\/v2\/pages\/36\/revisions\/2016"}],"wp:attachment":[{"href":"https:\/\/ajedreztabiyaalcoy.es\/club\/wp-json\/wp\/v2\/media?parent=36"}],"curies":[{"name":"wp","href":"https:\/\/api.w.org\/{rel}","templated":true}]}}