{"id":39,"date":"2008-08-14T13:53:58","date_gmt":"2008-08-14T11:53:58","guid":{"rendered":"https:\/\/ajedreztabiyaalcoy.es\/club\/?page_id=39"},"modified":"2022-08-13T22:55:51","modified_gmt":"2022-08-13T20:55:51","slug":"contacto","status":"publish","type":"page","link":"https:\/\/ajedreztabiyaalcoy.es\/club\/contacto\/","title":{"rendered":"Contacto"},"content":{"rendered":"<p>CONTACTO:<\/p>\n<p>1. Por tel\u00e9fono al 653.97.97.10 y 96-633.67.90<\/p>\n<p>2. Por correo electr\u00f3nico a <a href=\"mailto:joaquincorbi7@gmail.com\" target=\"_blank\" rel=\"noopener\">joaquincorbi7@gmail.com<\/a><\/p>\n<p>3. Por correo postal a C\/ V\u00edctor Espin\u00f3s n\u00ba 7 \u2013 03803 Alcoy (Alicante)<\/p>\n<p>CONTACTE:<\/p>\n<p>1. Per tel\u00e8fon al 653.97.97.10 i 96-633.67.90<\/p>\n<p>2. Per correu electr\u00f2nic a <a href=\"mailto:joaquincorbi7@gmail.com\" target=\"_blank\" rel=\"noopener\">joaquincorbi7@gmail.com<\/a><\/p>\n<p>3. Per correu postal a C\/ V\u00edctor Espin\u00f3s n\u00fam. 7 \u2013 03803 Alcoi (Alacant)<\/p>\n<p>&nbsp;<\/p>\n<table style=\"width: 100%; border-collapse: collapse; border-color: #186209;\" border=\"2\">\n<tbody>\n<tr>\n<td style=\"width: 100%; text-align: left;\"><span style=\"font-size: 10pt;\"><strong><u>Responsable del fichero<\/u><\/strong>: CLUB DE AJEDREZ TABIYA ALCOY.<strong><u>Finalidad<\/u><\/strong>; responder a la solicitud de contacto.La <strong><u>Legitimaci\u00f3n<\/u><\/strong>; es gracias a su consentimiento.<strong><u>Destinatarios<\/u><\/strong>: sus datos se encuentran alojados en nuestros registros del CLUB DE AJEDREZ TABIYA ALCOY. Podr\u00e1 ejercer <strong><u>Sus Derechos<\/u><\/strong> de Acceso, Rectificaci\u00f3n, Limitaci\u00f3n o Suprimir sus datos enviando un email a joaquincorbi7@gmail.com o ante la Autoridad de Control.Encontrar\u00e1 <strong><u>m\u00e1s informaci\u00f3n<\/u><\/strong> en <\/span><a class=\"enlace-politica\" href=\"https:\/\/ajedreztabiyaalcoy.es\/club\/politicas-de-privacidad\/\" target=\"_blank\" rel=\"noopener\"><span style=\"font-size: 10pt;\">pol\u00edtica de privacidad<\/span><\/a><\/td>\n<\/tr>\n<\/tbody>\n<\/table>\n","protected":false},"excerpt":{"rendered":"<p>CONTACTO: 1. Por tel\u00e9fono al 653.97.97.10 y 96-633.67.90 2. Por correo electr\u00f3nico a joaquincorbi7@gmail.com 3. Por correo postal a C\/ V\u00edctor Espin\u00f3s n\u00ba 7 \u2013 03803 Alcoy (Alicante) CONTACTE: 1. Per tel\u00e8fon al 653.97.97.10 i&#8230;<\/p>\n","protected":false},"author":3,"featured_media":0,"parent":0,"menu_order":100,"comment_status":"closed","ping_status":"closed","template":"","meta":{"rop_custom_images_group":[],"rop_custom_messages_group":[],"rop_publish_now":"initial","rop_publish_now_accounts":[],"rop_publish_now_history":[],"rop_publish_now_status":"pending","footnotes":""},"class_list":["post-39","page","type-page","status-publish","hentry"],"wppr_data":{"cwp_meta_box_check":"No"},"_links":{"self":[{"href":"https:\/\/ajedreztabiyaalcoy.es\/club\/wp-json\/wp\/v2\/pages\/39","targetHints":{"allow":["GET"]}}],"collection":[{"href":"https:\/\/ajedreztabiyaalcoy.es\/club\/wp-json\/wp\/v2\/pages"}],"about":[{"href":"https:\/\/ajedreztabiyaalcoy.es\/club\/wp-json\/wp\/v2\/types\/page"}],"author":[{"embeddable":true,"href":"https:\/\/ajedreztabiyaalcoy.es\/club\/wp-json\/wp\/v2\/users\/3"}],"replies":[{"embeddable":true,"href":"https:\/\/ajedreztabiyaalcoy.es\/club\/wp-json\/wp\/v2\/comments?post=39"}],"version-history":[{"count":6,"href":"https:\/\/ajedreztabiyaalcoy.es\/club\/wp-json\/wp\/v2\/pages\/39\/revisions"}],"predecessor-version":[{"id":4686,"href":"https:\/\/ajedreztabiyaalcoy.es\/club\/wp-json\/wp\/v2\/pages\/39\/revisions\/4686"}],"wp:attachment":[{"href":"https:\/\/ajedreztabiyaalcoy.es\/club\/wp-json\/wp\/v2\/media?parent=39"}],"curies":[{"name":"wp","href":"https:\/\/api.w.org\/{rel}","templated":true}]}}