{"id":4,"date":"2008-08-14T12:43:19","date_gmt":"2008-08-14T10:43:19","guid":{"rendered":"https:\/\/ajedreztabiyaalcoy.es\/club\/?page_id=2"},"modified":"2016-03-02T20:16:41","modified_gmt":"2016-03-02T19:16:41","slug":"informacion","status":"publish","type":"page","link":"https:\/\/ajedreztabiyaalcoy.es\/club\/informacion\/","title":{"rendered":"Bienvenidos"},"content":{"rendered":"<div><img loading=\"lazy\" decoding=\"async\" class=\"aligncenter size-full wp-image-6\" src=\"https:\/\/ajedreztabiyaalcoy.es\/club\/wp-content\/uploads\/2009\/07\/encabezado-bienv1.jpg\" alt=\"encabezado-bienv\" width=\"400\" height=\"125\" \/><\/div>\n<div><span style=\"color: #000000;\"><span style=\"font-size: 14px; color: #000080;\">Bienvenid@s a la p\u00e1gina Web del <strong>Club de Ajedrez Tabiya Alcoy<\/strong>. Aqu\u00ed encontrar\u00e1s toda la informaci\u00f3n de las actividades ajedrec\u00edsticas de Alcoy, Cocentaina y Comarca. Desde las competiciones internas y externas de nuestro Club, y tambi\u00e9n de la entidad amiga del Club de Ajedrez Cocentaina, hasta los enlaces con las p\u00e1ginas Web que proporcionan la actualidad del ajedrez valenciano, nacional e internacional, para que est\u00e9s bien informado en todo momento.<\/span><\/span><\/div>\n<div>\n<p><span style=\"color: #000000;\"><span style=\"font-size: 14px; color: #000080;\">Tendr\u00e1s acceso a los eventos que se realizan y a sus protagonistas, disfrutar\u00e1s de buenas partidas, y de art\u00edculos culturales y educativos. Adem\u00e1s de escuchar el programa de ajedrez de Radio 7 \u201cAlcoy en Jaque\u201d, y podr\u00e1s participar tambi\u00e9n en el foro dejando tus opiniones y sugerencias.<\/span><\/span><\/p>\n<p><span style=\"color: #000000;\"><span style=\"font-size: 14px; color: #000080;\">Que te resulte amena esta p\u00e1gina Web, para que disfrutes con el ajedrez, es nuestra m\u00e1s humilde intenci\u00f3n.<\/span><\/span><\/p>\n<p><span style=\"color: #000000;\"><span style=\"font-size: 14px; color: #000080;\">Un cordial saludo de Joaqu\u00edn Corb\u00ed Mart\u00ed. Presidente.<\/span><\/span><\/p>\n<p><span style=\"font-size: 14px; color: #800000;\">Benvinguts a la p\u00e0gina Web del <strong>Club d&#8217;Escacs Tabiya Alcoi<\/strong>. Ac\u00ed trobar\u00e0s tota la informaci\u00f3 de les activitats d&#8217;escacs d&#8217;Alcoi, Cocentaina i Comarca. Des de les competicions internes i externes del nostre Club, i tamb\u00e9 de l&#8217;entitat amiga del Club d&#8217;Escacs Cocentaina, fins als enlla\u00e7os amb les p\u00e0gines Web que proporcionen l&#8217;actualitat de l&#8217;escacs valencians, nacional i internacional, perqu\u00e8 estigues ben informat en tot moment.<\/span><\/p>\n<p><span style=\"font-size: 14px; color: #800000;\">Tindr\u00e0s acc\u00e9s als esdeveniments que es realitzen i als seus protagonistes, disfrutar\u00e0s de bones partides, i d&#8217;articles culturals i educatius. A m\u00e9s d&#8217;escoltar el programa d&#8217;escacs de R\u00e0dio 7 \u201cAlcoi en Escac\u201d, i podr\u00e0s participar tamb\u00e9 en el f\u00f2rum deixant les teues opinions i suggeriments.<\/span><\/p>\n<p><span style=\"font-size: 14px; color: #800000;\">Que et resulte amena esta p\u00e0gina Web, perqu\u00e8 disfrutes amb els escacs, \u00e9s la nostra m\u00e9s humil intenci\u00f3.<\/span><\/p>\n<p><span style=\"font-size: 14px; color: #800000;\">Una salutaci\u00f3 ben cordial de Ximo Corb\u00ed Mart\u00ed. President.<\/span><\/p>\n<\/div>\n","protected":false},"excerpt":{"rendered":"<p>Bienvenid@s a la p\u00e1gina Web del Club de Ajedrez Tabiya Alcoy. Aqu\u00ed encontrar\u00e1s toda la informaci\u00f3n de las actividades ajedrec\u00edsticas de Alcoy, Cocentaina y Comarca. Desde las competiciones internas y externas de nuestro Club, y&#8230;<\/p>\n","protected":false},"author":3,"featured_media":0,"parent":0,"menu_order":10,"comment_status":"closed","ping_status":"closed","template":"","meta":{"rop_custom_images_group":[],"rop_custom_messages_group":[],"rop_publish_now":"initial","rop_publish_now_accounts":[],"rop_publish_now_history":[],"rop_publish_now_status":"pending","footnotes":""},"class_list":["post-4","page","type-page","status-publish","hentry"],"wppr_data":[],"_links":{"self":[{"href":"https:\/\/ajedreztabiyaalcoy.es\/club\/wp-json\/wp\/v2\/pages\/4","targetHints":{"allow":["GET"]}}],"collection":[{"href":"https:\/\/ajedreztabiyaalcoy.es\/club\/wp-json\/wp\/v2\/pages"}],"about":[{"href":"https:\/\/ajedreztabiyaalcoy.es\/club\/wp-json\/wp\/v2\/types\/page"}],"author":[{"embeddable":true,"href":"https:\/\/ajedreztabiyaalcoy.es\/club\/wp-json\/wp\/v2\/users\/3"}],"replies":[{"embeddable":true,"href":"https:\/\/ajedreztabiyaalcoy.es\/club\/wp-json\/wp\/v2\/comments?post=4"}],"version-history":[{"count":1,"href":"https:\/\/ajedreztabiyaalcoy.es\/club\/wp-json\/wp\/v2\/pages\/4\/revisions"}],"predecessor-version":[{"id":1866,"href":"https:\/\/ajedreztabiyaalcoy.es\/club\/wp-json\/wp\/v2\/pages\/4\/revisions\/1866"}],"wp:attachment":[{"href":"https:\/\/ajedreztabiyaalcoy.es\/club\/wp-json\/wp\/v2\/media?parent=4"}],"curies":[{"name":"wp","href":"https:\/\/api.w.org\/{rel}","templated":true}]}}