{"id":47,"date":"2008-08-14T14:02:52","date_gmt":"2008-08-14T12:02:52","guid":{"rendered":"https:\/\/ajedreztabiyaalcoy.es\/club\/?page_id=47"},"modified":"2016-08-09T15:21:09","modified_gmt":"2016-08-09T13:21:09","slug":"lescola-descacs","status":"publish","type":"page","link":"https:\/\/ajedreztabiyaalcoy.es\/club\/lescola-descacs\/","title":{"rendered":"L&#8217;Escola d&#8217;Escacs"},"content":{"rendered":"<p><span style=\"font-family: arial,helvetica,sans-serif;\"><strong><span style=\"color: #000000;\">DESENROTLLAMENT DEL PROGRAMA T\u00c8CNIC<\/span><\/strong><br \/>\n<\/span><\/p>\n<div><span style=\"font-family: arial,helvetica,sans-serif;\">Des del Club d&#8217;Escacs Tabiya Alcoi, entenem que la pr\u00e0ctica dels escacs comporta al ser hum\u00e0 a formar-se i desenrotllar-se intel\u2022lectualment. L&#8217;Escola d&#8217;Escacs del Club d&#8217;Escacs Tabiya Alcoi, va n\u00e0ixer alhora que el Club, a l&#8217;Octubre de 1993.<\/span><\/div>\n<p>I es va crear precisament per al que manifesta al principi, \u00e9s a dir, per a potenciar el desenrotllament intel\u2022lectual i hum\u00e0 d&#8217;aquelles persones interessades en els escacs.<\/p>\n<p>Els fins que pret\u00e9n l&#8217;Escola d&#8217;Escacs s\u00f3n:<\/p>\n<p>a) La formaci\u00f3 d&#8217;escaquistes, a trav\u00e9s de l&#8217;ensenyan\u00e7a per a l&#8217;aprenentatge dels escacs.<\/p>\n<p>b) Donar la instrucci\u00f3 i formaci\u00f3 adequada per mitj\u00e0 de classes d&#8217;escacs, que permeta progressar en la comprensi\u00f3 d&#8217;este joc, a les persones interessades en aix\u00f2.<\/p>\n<p>La funci\u00f3 de l&#8217;ensenyan\u00e7a per a l&#8217;aprenentatge dels escacs \u00e9s la de donar al jugador els coneixements necessaris per a posar-los en pr\u00e0ctica, a fi que puga resoldre amb \u00e8xit, aquelles situacions que se li presenten en el transcurs de la partida d&#8217;escacs.<\/p>\n<p>La Direcci\u00f3 T\u00e8cnica de les classes \u00e9s realitzada pel Club d&#8217;Escacs Tabiya Alcoi, amb els seus Monitors, estant al capdavant d&#8217;ells Ximo Corb\u00ed Mart\u00ed, Director de l&#8217;Escola i Monitor Nacional d&#8217;Escacs.<\/p>\n<p><img decoding=\"async\" class=\"aligncenter size-full wp-image-190\" title=\"Escacs en el Tauler Mural\" src=\"https:\/\/ajedreztabiyaalcoy.es\/club\/wp-content\/uploads\/2008\/08\/untitled-281.bmp\" alt=\"Escacs en el Tauler Mural\" \/><\/p>\n","protected":false},"excerpt":{"rendered":"<p>DESENROTLLAMENT DEL PROGRAMA T\u00c8CNIC Des del Club d&#8217;Escacs Tabiya Alcoi, entenem que la pr\u00e0ctica dels escacs comporta al ser hum\u00e0 a formar-se i desenrotllar-se intel\u2022lectualment. L&#8217;Escola d&#8217;Escacs del Club d&#8217;Escacs Tabiya Alcoi, va n\u00e0ixer alhora&#8230;<\/p>\n","protected":false},"author":3,"featured_media":0,"parent":0,"menu_order":0,"comment_status":"closed","ping_status":"closed","template":"","meta":{"rop_custom_images_group":[],"rop_custom_messages_group":[],"rop_publish_now":"initial","rop_publish_now_accounts":[],"rop_publish_now_history":[],"rop_publish_now_status":"pending","footnotes":""},"class_list":["post-47","page","type-page","status-publish","hentry"],"wppr_data":{"cwp_meta_box_check":"No"},"_links":{"self":[{"href":"https:\/\/ajedreztabiyaalcoy.es\/club\/wp-json\/wp\/v2\/pages\/47","targetHints":{"allow":["GET"]}}],"collection":[{"href":"https:\/\/ajedreztabiyaalcoy.es\/club\/wp-json\/wp\/v2\/pages"}],"about":[{"href":"https:\/\/ajedreztabiyaalcoy.es\/club\/wp-json\/wp\/v2\/types\/page"}],"author":[{"embeddable":true,"href":"https:\/\/ajedreztabiyaalcoy.es\/club\/wp-json\/wp\/v2\/users\/3"}],"replies":[{"embeddable":true,"href":"https:\/\/ajedreztabiyaalcoy.es\/club\/wp-json\/wp\/v2\/comments?post=47"}],"version-history":[{"count":1,"href":"https:\/\/ajedreztabiyaalcoy.es\/club\/wp-json\/wp\/v2\/pages\/47\/revisions"}],"predecessor-version":[{"id":2018,"href":"https:\/\/ajedreztabiyaalcoy.es\/club\/wp-json\/wp\/v2\/pages\/47\/revisions\/2018"}],"wp:attachment":[{"href":"https:\/\/ajedreztabiyaalcoy.es\/club\/wp-json\/wp\/v2\/media?parent=47"}],"curies":[{"name":"wp","href":"https:\/\/api.w.org\/{rel}","templated":true}]}}